{"id":827,"date":"2023-06-22T06:59:54","date_gmt":"2023-06-22T04:59:54","guid":{"rendered":"https:\/\/ecolemaudkristen.com\/blog\/?page_id=827"},"modified":"2023-06-27T10:28:07","modified_gmt":"2023-06-27T08:28:07","slug":"seminaires-offerts","status":"publish","type":"page","link":"https:\/\/ecolemaudkristen.com\/blog\/?page_id=827","title":{"rendered":"S\u00e9minaires offerts"},"content":{"rendered":"<p>Pour participer aux tirages au sort et gagner un s\u00e9minaire gratuit, inscrivez-vous \u00e0 notre newsletter :<br \/>\n<a href=\"https:\/\/ecolemaudkristen.com\/newsletter\/\">https:\/\/ecolemaudkristen.com\/newsletter\/<\/a><\/p>\n","protected":false},"excerpt":{"rendered":"<p>Pour participer aux tirages au sort et gagner un s\u00e9minaire gratuit, inscrivez-vous \u00e0&#8230;<\/p>\n","protected":false},"author":1,"featured_media":0,"parent":0,"menu_order":0,"comment_status":"closed","ping_status":"closed","template":"","meta":{"footnotes":""},"class_list":["post-827","page","type-page","status-publish","hentry"],"aioseo_notices":[],"_links":{"self":[{"href":"https:\/\/ecolemaudkristen.com\/blog\/index.php?rest_route=\/wp\/v2\/pages\/827","targetHints":{"allow":["GET"]}}],"collection":[{"href":"https:\/\/ecolemaudkristen.com\/blog\/index.php?rest_route=\/wp\/v2\/pages"}],"about":[{"href":"https:\/\/ecolemaudkristen.com\/blog\/index.php?rest_route=\/wp\/v2\/types\/page"}],"author":[{"embeddable":true,"href":"https:\/\/ecolemaudkristen.com\/blog\/index.php?rest_route=\/wp\/v2\/users\/1"}],"replies":[{"embeddable":true,"href":"https:\/\/ecolemaudkristen.com\/blog\/index.php?rest_route=%2Fwp%2Fv2%2Fcomments&post=827"}],"version-history":[{"count":1,"href":"https:\/\/ecolemaudkristen.com\/blog\/index.php?rest_route=\/wp\/v2\/pages\/827\/revisions"}],"predecessor-version":[{"id":828,"href":"https:\/\/ecolemaudkristen.com\/blog\/index.php?rest_route=\/wp\/v2\/pages\/827\/revisions\/828"}],"wp:attachment":[{"href":"https:\/\/ecolemaudkristen.com\/blog\/index.php?rest_route=%2Fwp%2Fv2%2Fmedia&parent=827"}],"curies":[{"name":"wp","href":"https:\/\/api.w.org\/{rel}","templated":true}]}}